{"id":1676,"date":"2022-04-20T23:13:57","date_gmt":"2022-04-20T21:13:57","guid":{"rendered":"http:\/\/sylvievauclair.com\/?page_id=1676"},"modified":"2022-04-20T23:14:23","modified_gmt":"2022-04-20T21:14:23","slug":"1676-2","status":"publish","type":"page","link":"http:\/\/sylvievauclair.com\/?page_id=1676","title":{"rendered":"Biography"},"content":{"rendered":"<p>[et_pb_section fb_built=\u00a0\u00bb1&Prime; _builder_version=\u00a0\u00bb4.14.4&Prime; _module_preset=\u00a0\u00bbdefault\u00a0\u00bb background_image=\u00a0\u00bbhttp:\/\/sylvievauclair.fr\/wp-content\/uploads\/2021\/12\/Hubble3_1920x687-1.jpg\u00a0\u00bb height=\u00a0\u00bb100px\u00a0\u00bb custom_padding=\u00a0\u00bb0px||||false|false\u00a0\u00bb global_colors_info=\u00a0\u00bb{}\u00a0\u00bb theme_builder_area=\u00a0\u00bbpost_content\u00a0\u00bb][et_pb_row _builder_version=\u00a0\u00bb4.14.4&Prime; _module_preset=\u00a0\u00bbdefault\u00a0\u00bb global_colors_info=\u00a0\u00bb{}\u00a0\u00bb theme_builder_area=\u00a0\u00bbpost_content\u00a0\u00bb][et_pb_column type=\u00a0\u00bb4_4&Prime; _builder_version=\u00a0\u00bb4.14.4&Prime; _module_preset=\u00a0\u00bbdefault\u00a0\u00bb global_colors_info=\u00a0\u00bb{}\u00a0\u00bb theme_builder_area=\u00a0\u00bbpost_content\u00a0\u00bb][et_pb_text _builder_version=\u00a0\u00bb4.14.4&Prime; _module_preset=\u00a0\u00bbdefault\u00a0\u00bb header_font=\u00a0\u00bb|600|||||||\u00a0\u00bb header_text_color=\u00a0\u00bb#FFFFFF\u00a0\u00bb hover_enabled=\u00a0\u00bb0&Prime; global_colors_info=\u00a0\u00bb{}\u00a0\u00bb theme_builder_area=\u00a0\u00bbpost_content\u00a0\u00bb sticky_enabled=\u00a0\u00bb0&Prime;]<\/p>\n<h1>Biography<\/h1>\n<p>[\/et_pb_text][\/et_pb_column][\/et_pb_row][\/et_pb_section][et_pb_section fb_built=\u00a0\u00bb1&Prime; _builder_version=\u00a0\u00bb4.9.4&Prime; _module_preset=\u00a0\u00bbdefault\u00a0\u00bb global_colors_info=\u00a0\u00bb{}\u00a0\u00bb theme_builder_area=\u00a0\u00bbpost_content\u00a0\u00bb][et_pb_row column_structure=\u00a0\u00bb3_4,1_4&Prime; _builder_version=\u00a0\u00bb4.14.4&Prime; _module_preset=\u00a0\u00bbdefault\u00a0\u00bb global_colors_info=\u00a0\u00bb{}\u00a0\u00bb theme_builder_area=\u00a0\u00bbpost_content\u00a0\u00bb][et_pb_column type=\u00a0\u00bb3_4&Prime; _builder_version=\u00a0\u00bb4.14.4&Prime; _module_preset=\u00a0\u00bbdefault\u00a0\u00bb global_colors_info=\u00a0\u00bb{}\u00a0\u00bb theme_builder_area=\u00a0\u00bbpost_content\u00a0\u00bb][et_pb_text _builder_version=\u00a0\u00bb4.14.4&Prime; _module_preset=\u00a0\u00bbdefault\u00a0\u00bb text_line_height=\u00a0\u00bb2.3em\u00a0\u00bb global_colors_info=\u00a0\u00bb{}\u00a0\u00bb theme_builder_area=\u00a0\u00bbpost_content\u00a0\u00bb]<\/p>\n<p><span style=\"font-size: large;\">Sylvie Vauclair is an Astrophysicist at the IRAP (Institut de Recherches en Astrophysique et Plan\u00e9tologie), Professor Emeritus at the Paul Sabatier University of Toulouse, Honorary member of the Institut Universitaire de France, member of the Acad\u00e9mie de l&rsquo;Air et de l&rsquo;Espace, of the Academia Europaea, of the Acad\u00e9mie des Sciences, Inscriptions et Belles-Lettres (Toulouse) and of the Acad\u00e9mie Nationale des Sciences, Belles-Lettres et Arts de Bordeaux. She is a Knight of the Legion of Honor, an Officer in the National Order of Merit and an Officer of the Palmes Acad\u00e9miques. She is also a musician, a graduate of the AIEM Willems. An asteroid bears her name: 35233 Sylvievauclair.<\/span><\/p>\n<p>[\/et_pb_text][\/et_pb_column][et_pb_column type=\u00a0\u00bb1_4&Prime; _builder_version=\u00a0\u00bb4.14.4&Prime; _module_preset=\u00a0\u00bbdefault\u00a0\u00bb global_colors_info=\u00a0\u00bb{}\u00a0\u00bb theme_builder_area=\u00a0\u00bbpost_content\u00a0\u00bb][et_pb_image src=\u00a0\u00bbhttp:\/\/sylvievauclair.fr\/wp-content\/uploads\/2022\/02\/sylvie-chili.jpg\u00a0\u00bb _builder_version=\u00a0\u00bb4.14.4&Prime; _module_preset=\u00a0\u00bbdefault\u00a0\u00bb global_colors_info=\u00a0\u00bb{}\u00a0\u00bb theme_builder_area=\u00a0\u00bbpost_content\u00a0\u00bb][\/et_pb_image][\/et_pb_column][\/et_pb_row][et_pb_row _builder_version=\u00a0\u00bb4.9.4&Prime; _module_preset=\u00a0\u00bbdefault\u00a0\u00bb global_colors_info=\u00a0\u00bb{}\u00a0\u00bb theme_builder_area=\u00a0\u00bbpost_content\u00a0\u00bb][et_pb_column type=\u00a0\u00bb4_4&Prime; _builder_version=\u00a0\u00bb4.9.4&Prime; _module_preset=\u00a0\u00bbdefault\u00a0\u00bb global_colors_info=\u00a0\u00bb{}\u00a0\u00bb theme_builder_area=\u00a0\u00bbpost_content\u00a0\u00bb][et_pb_text _builder_version=\u00a0\u00bb4.14.4&Prime; _module_preset=\u00a0\u00bbdefault\u00a0\u00bb text_font_size=\u00a0\u00bb17px\u00a0\u00bb text_line_height=\u00a0\u00bb1.6em\u00a0\u00bb custom_padding=\u00a0\u00bb19px|||||\u00a0\u00bb global_colors_info=\u00a0\u00bb{}\u00a0\u00bb theme_builder_area=\u00a0\u00bbpost_content\u00a0\u00bb]<\/p>\n<p>&nbsp;<\/p>\n<p>After a thesis (doctorate of 3rd cycle) under the direction of Hubert Reeves followed by a second thesis (doctorate of State) under the direction of Evry Schatzman, her scientific works concerned the formation and the evolution of the chemical elements which compose the matter in the Universe: Sun, Stars, Primordial Universe. For some years, she has been particularly interested in asteroseismology, i.e. the vibrations of stars, as well as extra-solar planetary systems (exoplanets). She has written more than 300 scientific articles in specialized journals and directed numerous theses.<\/p>\n<p>Sylvie Vauclair has been president of the French Astronomy and Astrophysics Society, president of the Midi-Pyr\u00e9n\u00e9es section of the French Physical Society, member of the National Council of Universities, member of the High Scientific Committee of the Paris Observatory, member of numerous international committees, in particular at the European Commission, the European Southern Observatory (ESO) and the International Space Science Institute of Bern. Professor at the University Paul Sabatier of Toulouse, she has been responsible for many courses, in particular the master-research \u00ab\u00a0Astrophysics, Space Sciences and Planetology\u00a0\u00bb.<\/p>\n<p>Passionate about the sharing of knowledge and the evolution of knowledge over the centuries, in relation to the history of human societies, she has written many books (see bibliography section) and she leads many courses and conferences at all levels, often for a very large audience. With a thorough musical training, she participates in multidisciplinary meetings combining science, art, philosophy and poetry. She has published numerous articles in magazines for \u00ab\u00a0non-initiated\u00a0\u00bb readers. She is a member of the board of numerous associations and cultural events, and is patron of several of them. She was president of the jury of the International Scientific Film Festival in Orsay, as well as of other juries of cultural events. She was responsible for the organization of the International Year of Astronomy for the South-West in 2009. She is currently vice-president of the international commission \u00ab\u00a0Communicating Astronomy with the Public\u00a0\u00bb of the International Astronomical Union.<\/p>\n<p>She has participated in a large number of debates, documentaries and radio and television programs on most major channels. Her actions and works have been awarded the ALPHA d&rsquo;OR de l&rsquo;ESPACE (1998), the PRIX du CERCLE d&rsquo;OC (1999), the PRIX du LIVRE SCIENTIFIQUE d&rsquo;ORSAY (2002), the PRIX de L&rsquo;ACADEMIE d&rsquo;OCCITANIE (2007), the GRAND PRIX DES AMIS DE LA CITE DE L&rsquo;ESPACE (2009), the GRAND PRIX DU LIVRE SCIENTIFIQUE DES GOURMETS DE LETTRES (2015), the 3rd PRIX DU LIVRE SCIENTIFIQUE DES LYCEENS (2019), the MANDLEY BENDALL prize of the NATIONAL ACADEMY of Sciences, Belles-Lettres and Arts of BORDEAUX (2021).<\/p>\n<p>&nbsp;<\/p>\n<p>&nbsp;<\/p>\n<p>[\/et_pb_text][\/et_pb_column][\/et_pb_row][\/et_pb_section][et_pb_section fb_built=\u00a0\u00bb1&Prime; _builder_version=\u00a0\u00bb4.14.4&Prime; _module_preset=\u00a0\u00bbdefault\u00a0\u00bb global_colors_info=\u00a0\u00bb{}\u00a0\u00bb theme_builder_area=\u00a0\u00bbpost_content\u00a0\u00bb][\/et_pb_section]<\/p>\n","protected":false},"excerpt":{"rendered":"<p>BiographySylvie Vauclair is an Astrophysicist at the IRAP (Institut de Recherches en Astrophysique et Plan\u00e9tologie), Professor Emeritus at the Paul Sabatier University of Toulouse, Honorary member of the Institut Universitaire [&hellip;]<\/p>\n","protected":false},"author":1,"featured_media":0,"parent":0,"menu_order":0,"comment_status":"closed","ping_status":"closed","template":"","meta":{"_et_pb_use_builder":"on","_et_pb_old_content":"","_et_gb_content_width":""},"_links":{"self":[{"href":"http:\/\/sylvievauclair.com\/index.php?rest_route=\/wp\/v2\/pages\/1676"}],"collection":[{"href":"http:\/\/sylvievauclair.com\/index.php?rest_route=\/wp\/v2\/pages"}],"about":[{"href":"http:\/\/sylvievauclair.com\/index.php?rest_route=\/wp\/v2\/types\/page"}],"author":[{"embeddable":true,"href":"http:\/\/sylvievauclair.com\/index.php?rest_route=\/wp\/v2\/users\/1"}],"replies":[{"embeddable":true,"href":"http:\/\/sylvievauclair.com\/index.php?rest_route=%2Fwp%2Fv2%2Fcomments&post=1676"}],"version-history":[{"count":3,"href":"http:\/\/sylvievauclair.com\/index.php?rest_route=\/wp\/v2\/pages\/1676\/revisions"}],"predecessor-version":[{"id":1680,"href":"http:\/\/sylvievauclair.com\/index.php?rest_route=\/wp\/v2\/pages\/1676\/revisions\/1680"}],"wp:attachment":[{"href":"http:\/\/sylvievauclair.com\/index.php?rest_route=%2Fwp%2Fv2%2Fmedia&parent=1676"}],"curies":[{"name":"wp","href":"https:\/\/api.w.org\/{rel}","templated":true}]}}